{"id":36,"date":"2024-01-04T20:43:35","date_gmt":"2024-01-04T20:43:35","guid":{"rendered":"https:\/\/miriundmarco2024.ch\/?page_id=36"},"modified":"2024-07-02T07:23:04","modified_gmt":"2024-07-02T07:23:04","slug":"location","status":"publish","type":"page","link":"https:\/\/miriundmarco2024.ch\/?page_id=36","title":{"rendered":"Location"},"content":{"rendered":"\n<p><strong>Location<\/strong><\/p>\n\n\n\n<figure class=\"wp-block-table\"><table><tbody><tr><td>Datum<\/td><td>5 Juli 2024<\/td><\/tr><tr><td>Ort<\/td><td><a href=\"https:\/\/www.ollastu.it\/\">Hotel Ollastu Sardinien<\/a><br><em>loc, 07026 Costa Corallina SS, Italien<br><a href=\"https:\/\/www.google.com\/search?q=ollastu+sardinien&amp;oq=ollastu+sar&amp;gs_lcrp=EgZjaHJvbWUqBwgAEAAYgAQyBwgAEAAYgAQyBggBEEUYOTIICAIQABgWGB4yCggDEAAYChgWGB4yCAgEEAAYFhgeMggIBRAAGBYYHjIGCAYQRRg8MgYIBxBFGDzSAQgyMDk5ajBqN6gCALACAA&amp;sourceid=chrome&amp;ie=UTF-8#\">+39 0789 36744<\/a><br>15 Minuten vom Flughafen Olbia<\/em><\/td><\/tr><\/tbody><\/table><\/figure>\n\n\n\n<div class=\"wp-block-ive-google-map alignnone ive_google_map_bed973-22\"><div id=\"overlay\" style=\"cursor:pointer\"><\/div><div class=\"ive-google-map__wrap\" id=\"ive-google-map-72bed973-22a1-4cd1-9c50-9ba98b74a3ea\"><iframe class=\"ive-google-map__iframe\" src=\"https:\/\/maps.google.com\/maps?q=hotel%20ollatsu&amp;t=&amp;z=12&amp;ie=UTF8&amp;iwloc=&amp;output=embed\" style=\"height:300px;width:100%;opacity:1\"><\/iframe><\/div><\/div>\n\n\n\n<p><strong>Programm<\/strong><\/p>\n\n\n\n<figure class=\"wp-block-table\"><table><tbody><tr><td>Start<\/td><td>16:00 Uhr<\/td><\/tr><tr><td>Ende<\/td><td>01:00 Uhr<\/td><\/tr><tr><td>Programm<\/td><td>&#8211; 17:00 Uhr Ap\u00e9ro <br>&#8211; 18:00 Uhr Fotoshooting <br>&#8211; 19:00 Uhr Zeremonie <br>&#8211; 20:00 Uhr Abendessen <br>&#8211; 22:00 Uhr Anschnitt der Torte <br>&#8211; 22:15 Uhr Party + Hochzeitsspiele <\/td><\/tr><tr><td>Geschenke<\/td><td>Wir freuen uns sehr darauf, unseren besonderen Tag mit euch auf Sardinien zu teilen. Eure Anwesenheit ist f\u00fcr uns das sch\u00f6nste Geschenk. Falls ihr jedoch den Wunsch versp\u00fcrt, uns zus\u00e4tzlich etwas zu schenken, w\u00fcrden wir uns \u00fcber einen finanziellen Beitrag f\u00fcr unser Hochzeitsfest freuen. Um die Logistik zu erleichtern, bitten wir darum,<strong> keine physischen Geschenke mitzubringen<\/strong>, da wir diese aufgrund von Platzbeschr\u00e4nkungen im Flugzeug nicht alle transportieren k\u00f6nnen.<\/td><\/tr><\/tbody><\/table><\/figure>\n\n\n\n<p><strong>Dresscode<\/strong><\/p>\n\n\n\n<p>Wir m\u00f6chten sicherstellen, dass niemand ins Schwitzen ger\u00e4t, daher haben wir beschlossen, auf klassische Anz\u00fcge zu verzichten und stattdessen Sommerkleider und Hawaii-Hemden zu setzen. Auf diese Weise wird es f\u00fcr alle angenehmer sein.<\/p>\n\n\n\n<figure class=\"wp-block-image size-full is-resized\"><img loading=\"lazy\" decoding=\"async\" width=\"596\" height=\"328\" src=\"https:\/\/miriundmarco2024.ch\/wp-content\/uploads\/2024\/03\/image-2.png\" alt=\"\" class=\"wp-image-141\" style=\"width:372px;height:auto\" srcset=\"https:\/\/miriundmarco2024.ch\/wp-content\/uploads\/2024\/03\/image-2.png 596w, https:\/\/miriundmarco2024.ch\/wp-content\/uploads\/2024\/03\/image-2-300x165.png 300w\" sizes=\"auto, (max-width: 596px) 100vw, 596px\" \/><\/figure>\n\n\n\n<p><\/p>\n\n\n\n<p><strong>Anreise\/Fl\u00fcge<\/strong><\/p>\n\n\n\n<p><mark style=\"background-color:rgba(0, 0, 0, 0)\" class=\"has-inline-color has-luminous-vivid-orange-color\">Wichtiger Hinweis: Bucht erst euren Flug, dann seit ihr sicher dabei. Ein Hotel oder Airbnb etc. l\u00e4sst sich immer finden<\/mark><\/p>\n\n\n\n<figure class=\"wp-block-table\"><table><tbody><tr><td>Anreise<\/td><td>Individuell (muss selbst organisiert und bezahlt werden)<\/td><\/tr><tr><td>Unterkunft<\/td><td>Individuell (muss selbst organisiert und bezahlt werden)<br>Es muss nicht zwingend im Hotel Ollastu \u00fcbernachtet werden<\/td><\/tr><tr><td>Flug Empfehlung ab Basel<br><\/td><td>BSL -&gt; OLB (Flughafen Olbia Sardinien) | ab 5.7.2024 10:10, an 11:50 Uhr<br>OLB (Flughafen Olbia Sardinien) -&gt; BSL | ab 6.7.2024 21:40, an 23:10 Uhr<br>Easy Jet (ca. 100 CHF ohne Gep\u00e4ck)<\/td><\/tr><tr><td>Flug Empfehlung ab Z\u00fcrich<br><\/td><td>ZHR -&gt; OLB (Flughafen Olbia Sardinien) | ab 5.7.2024 06:25, an 07:55 Uhr <br>OLB (Flughafen Olbia Sardinien) -&gt; ZHR | ab 6.7.2024 21:15, an 22:45 Uhr<br>Swiss (ca. 300 CHF mit Gep\u00e4ck)<\/td><\/tr><\/tbody><\/table><\/figure>\n\n\n\n<p><strong>Bilder vom Hotel<\/strong><\/p>\n\n\n\n<div data-gallery-id=\"lightgallery__f11458-d1\" class=\"wp-block-ive-gallery get-gallery-id ive-gallery-wrap-id-_f11458-d1\"><ul id=\"lightgallery__f11458-d1\" class=\"ive-gallery-ul ive-gallery-type-grid ive-gallery-id-_f11458-d1 ive-gallery-caption-style-bottom-hover ive-gallery-filter-none\" data-item-selector=\".ibtana-blocks-gallery-item\" data-image-filter=\"none\" data-lightbox-caption=\"true\" data-columns-xxl=\"3\" data-columns-xl=\"3\" data-columns-lg=\"3\" data-columns-md=\"2\" data-columns-sm=\"1\" data-columns-xs=\"1\"><li class=\"ibtana-blocks-gallery-item\"><div class=\"ibtana-blocks-gallery-item-inner\"><figure class=\"ive-gallery-figure ibtana-blocks-gallery-item-hide-caption ive-has-image-ratio-land32 light_item\" href=\"https:\/\/miriundmarco2024.ch\/wp-content\/uploads\/2024\/01\/h6.jpg\"><div class=\"ive-gal-image-radius\"><div class=\"ive-gallery-image-contain ibtana-blocks-gallery-intrinsic ive-gallery-image-ratio-land32\"><img loading=\"lazy\" decoding=\"async\" width=\"1024\" height=\"680\" src=\"https:\/\/miriundmarco2024.ch\/wp-content\/uploads\/2024\/01\/h6.jpg\" alt=\"\" data-full-image=\"https:\/\/miriundmarco2024.ch\/wp-content\/uploads\/2024\/01\/h6.jpg\" data-light-image=\"https:\/\/miriundmarco2024.ch\/wp-content\/uploads\/2024\/01\/h6.jpg\" data-id=\"110\" data-link=\"https:\/\/miriundmarco2024.ch\/?attachment_id=110\" class=\"wp-image-110undefined\" srcset=\"https:\/\/miriundmarco2024.ch\/wp-content\/uploads\/2024\/01\/h6.jpg 1024w, https:\/\/miriundmarco2024.ch\/wp-content\/uploads\/2024\/01\/h6-300x199.jpg 300w, https:\/\/miriundmarco2024.ch\/wp-content\/uploads\/2024\/01\/h6-768x510.jpg 768w\" sizes=\"auto, (max-width: 1024px) 100vw, 1024px\" \/><\/div><\/div><\/figure><\/div><\/li><li class=\"ibtana-blocks-gallery-item\"><div class=\"ibtana-blocks-gallery-item-inner\"><figure class=\"ive-gallery-figure ibtana-blocks-gallery-item-hide-caption ive-has-image-ratio-land32 light_item\" href=\"https:\/\/miriundmarco2024.ch\/wp-content\/uploads\/2024\/01\/h1.jpg\"><div class=\"ive-gal-image-radius\"><div class=\"ive-gallery-image-contain ibtana-blocks-gallery-intrinsic ive-gallery-image-ratio-land32\"><img loading=\"lazy\" decoding=\"async\" width=\"1024\" height=\"680\" src=\"https:\/\/miriundmarco2024.ch\/wp-content\/uploads\/2024\/01\/h1.jpg\" alt=\"\" data-full-image=\"https:\/\/miriundmarco2024.ch\/wp-content\/uploads\/2024\/01\/h1.jpg\" data-light-image=\"https:\/\/miriundmarco2024.ch\/wp-content\/uploads\/2024\/01\/h1.jpg\" data-id=\"109\" data-link=\"https:\/\/miriundmarco2024.ch\/?attachment_id=109\" class=\"wp-image-109undefined\" srcset=\"https:\/\/miriundmarco2024.ch\/wp-content\/uploads\/2024\/01\/h1.jpg 1024w, https:\/\/miriundmarco2024.ch\/wp-content\/uploads\/2024\/01\/h1-300x199.jpg 300w, https:\/\/miriundmarco2024.ch\/wp-content\/uploads\/2024\/01\/h1-768x510.jpg 768w\" sizes=\"auto, (max-width: 1024px) 100vw, 1024px\" \/><\/div><\/div><\/figure><\/div><\/li><li class=\"ibtana-blocks-gallery-item\"><div class=\"ibtana-blocks-gallery-item-inner\"><figure class=\"ive-gallery-figure ibtana-blocks-gallery-item-hide-caption ive-has-image-ratio-land32 light_item\" href=\"https:\/\/miriundmarco2024.ch\/wp-content\/uploads\/2024\/01\/h3.jpg\"><div class=\"ive-gal-image-radius\"><div class=\"ive-gallery-image-contain ibtana-blocks-gallery-intrinsic ive-gallery-image-ratio-land32\"><img loading=\"lazy\" decoding=\"async\" width=\"1024\" height=\"680\" src=\"https:\/\/miriundmarco2024.ch\/wp-content\/uploads\/2024\/01\/h3.jpg\" alt=\"\" data-full-image=\"https:\/\/miriundmarco2024.ch\/wp-content\/uploads\/2024\/01\/h3.jpg\" data-light-image=\"https:\/\/miriundmarco2024.ch\/wp-content\/uploads\/2024\/01\/h3.jpg\" data-id=\"107\" data-link=\"https:\/\/miriundmarco2024.ch\/?attachment_id=107\" class=\"wp-image-107undefined\" srcset=\"https:\/\/miriundmarco2024.ch\/wp-content\/uploads\/2024\/01\/h3.jpg 1024w, https:\/\/miriundmarco2024.ch\/wp-content\/uploads\/2024\/01\/h3-300x199.jpg 300w, https:\/\/miriundmarco2024.ch\/wp-content\/uploads\/2024\/01\/h3-768x510.jpg 768w\" sizes=\"auto, (max-width: 1024px) 100vw, 1024px\" \/><\/div><\/div><\/figure><\/div><\/li><li class=\"ibtana-blocks-gallery-item\"><div class=\"ibtana-blocks-gallery-item-inner\"><figure class=\"ive-gallery-figure ibtana-blocks-gallery-item-hide-caption ive-has-image-ratio-land32 light_item\" href=\"https:\/\/miriundmarco2024.ch\/wp-content\/uploads\/2024\/01\/h2.jpg\"><div class=\"ive-gal-image-radius\"><div class=\"ive-gallery-image-contain ibtana-blocks-gallery-intrinsic ive-gallery-image-ratio-land32\"><img loading=\"lazy\" decoding=\"async\" width=\"1024\" height=\"680\" src=\"https:\/\/miriundmarco2024.ch\/wp-content\/uploads\/2024\/01\/h2.jpg\" alt=\"\" data-full-image=\"https:\/\/miriundmarco2024.ch\/wp-content\/uploads\/2024\/01\/h2.jpg\" data-light-image=\"https:\/\/miriundmarco2024.ch\/wp-content\/uploads\/2024\/01\/h2.jpg\" data-id=\"108\" data-link=\"https:\/\/miriundmarco2024.ch\/?attachment_id=108\" class=\"wp-image-108undefined\" srcset=\"https:\/\/miriundmarco2024.ch\/wp-content\/uploads\/2024\/01\/h2.jpg 1024w, https:\/\/miriundmarco2024.ch\/wp-content\/uploads\/2024\/01\/h2-300x199.jpg 300w, https:\/\/miriundmarco2024.ch\/wp-content\/uploads\/2024\/01\/h2-768x510.jpg 768w\" sizes=\"auto, (max-width: 1024px) 100vw, 1024px\" \/><\/div><\/div><\/figure><\/div><\/li><li class=\"ibtana-blocks-gallery-item\"><div class=\"ibtana-blocks-gallery-item-inner\"><figure class=\"ive-gallery-figure ibtana-blocks-gallery-item-hide-caption ive-has-image-ratio-land32 light_item\" href=\"https:\/\/miriundmarco2024.ch\/wp-content\/uploads\/2024\/01\/h4.jpg\"><div class=\"ive-gal-image-radius\"><div class=\"ive-gallery-image-contain ibtana-blocks-gallery-intrinsic ive-gallery-image-ratio-land32\"><img loading=\"lazy\" decoding=\"async\" width=\"1024\" height=\"680\" src=\"https:\/\/miriundmarco2024.ch\/wp-content\/uploads\/2024\/01\/h4.jpg\" alt=\"\" data-full-image=\"https:\/\/miriundmarco2024.ch\/wp-content\/uploads\/2024\/01\/h4.jpg\" data-light-image=\"https:\/\/miriundmarco2024.ch\/wp-content\/uploads\/2024\/01\/h4.jpg\" data-id=\"106\" data-link=\"https:\/\/miriundmarco2024.ch\/?attachment_id=106\" class=\"wp-image-106undefined\" srcset=\"https:\/\/miriundmarco2024.ch\/wp-content\/uploads\/2024\/01\/h4.jpg 1024w, https:\/\/miriundmarco2024.ch\/wp-content\/uploads\/2024\/01\/h4-300x199.jpg 300w, https:\/\/miriundmarco2024.ch\/wp-content\/uploads\/2024\/01\/h4-768x510.jpg 768w\" sizes=\"auto, (max-width: 1024px) 100vw, 1024px\" \/><\/div><\/div><\/figure><\/div><\/li><li class=\"ibtana-blocks-gallery-item\"><div class=\"ibtana-blocks-gallery-item-inner\"><figure class=\"ive-gallery-figure ibtana-blocks-gallery-item-hide-caption ive-has-image-ratio-land32 light_item\" href=\"https:\/\/miriundmarco2024.ch\/wp-content\/uploads\/2024\/01\/h5.jpg\"><div class=\"ive-gal-image-radius\"><div class=\"ive-gallery-image-contain ibtana-blocks-gallery-intrinsic ive-gallery-image-ratio-land32\"><img loading=\"lazy\" decoding=\"async\" width=\"1024\" height=\"680\" src=\"https:\/\/miriundmarco2024.ch\/wp-content\/uploads\/2024\/01\/h5.jpg\" alt=\"\" data-full-image=\"https:\/\/miriundmarco2024.ch\/wp-content\/uploads\/2024\/01\/h5.jpg\" data-light-image=\"https:\/\/miriundmarco2024.ch\/wp-content\/uploads\/2024\/01\/h5.jpg\" data-id=\"105\" data-link=\"https:\/\/miriundmarco2024.ch\/?attachment_id=105\" class=\"wp-image-105undefined\" srcset=\"https:\/\/miriundmarco2024.ch\/wp-content\/uploads\/2024\/01\/h5.jpg 1024w, https:\/\/miriundmarco2024.ch\/wp-content\/uploads\/2024\/01\/h5-300x199.jpg 300w, https:\/\/miriundmarco2024.ch\/wp-content\/uploads\/2024\/01\/h5-768x510.jpg 768w\" sizes=\"auto, (max-width: 1024px) 100vw, 1024px\" \/><\/div><\/div><\/figure><\/div><\/li><\/ul><\/div>\n\n\n\n<p>&#8211;<\/p>\n","protected":false},"excerpt":{"rendered":"<p>Location Datum 5 Juli 2024 Ort Hotel Ollastu Sardinienloc, 07026 Costa Corallina SS, Italien+39 0789 3674415 Minuten vom Flughafen Olbia Programm Start 16:00 Uhr Ende 01:00 Uhr Programm &#8211; 17:00 Uhr Ap\u00e9ro &#8211; 18:00 Uhr Fotoshooting &#8211; 19:00 Uhr Zeremonie &#8211; 20:00 Uhr Abendessen &#8211; 22:00 Uhr Anschnitt der Torte &#8211; 22:15 Uhr Party + [&hellip;]<\/p>\n","protected":false},"author":1,"featured_media":0,"parent":0,"menu_order":0,"comment_status":"closed","ping_status":"closed","template":"","meta":{"_regular_price":[],"currency_symbol":[],"footnotes":""},"class_list":["post-36","page","type-page","status-publish","hentry"],"post_slider_layout_featured_media_urls":{"thumbnail":"","post_slider_layout_landscape_large":"","post_slider_layout_portrait_large":"","post_slider_layout_square_large":"","post_slider_layout_landscape":"","post_slider_layout_portrait":"","post_slider_layout_square":"","full":""},"_links":{"self":[{"href":"https:\/\/miriundmarco2024.ch\/index.php?rest_route=\/wp\/v2\/pages\/36","targetHints":{"allow":["GET"]}}],"collection":[{"href":"https:\/\/miriundmarco2024.ch\/index.php?rest_route=\/wp\/v2\/pages"}],"about":[{"href":"https:\/\/miriundmarco2024.ch\/index.php?rest_route=\/wp\/v2\/types\/page"}],"author":[{"embeddable":true,"href":"https:\/\/miriundmarco2024.ch\/index.php?rest_route=\/wp\/v2\/users\/1"}],"replies":[{"embeddable":true,"href":"https:\/\/miriundmarco2024.ch\/index.php?rest_route=%2Fwp%2Fv2%2Fcomments&post=36"}],"version-history":[{"count":17,"href":"https:\/\/miriundmarco2024.ch\/index.php?rest_route=\/wp\/v2\/pages\/36\/revisions"}],"predecessor-version":[{"id":152,"href":"https:\/\/miriundmarco2024.ch\/index.php?rest_route=\/wp\/v2\/pages\/36\/revisions\/152"}],"wp:attachment":[{"href":"https:\/\/miriundmarco2024.ch\/index.php?rest_route=%2Fwp%2Fv2%2Fmedia&parent=36"}],"curies":[{"name":"wp","href":"https:\/\/api.w.org\/{rel}","templated":true}]}}