{"id":132,"date":"2024-03-24T12:53:54","date_gmt":"2024-03-24T12:53:54","guid":{"rendered":"https:\/\/miriundmarco2024.ch\/?page_id=132"},"modified":"2024-03-24T13:04:04","modified_gmt":"2024-03-24T13:04:04","slug":"wichtige-informationen","status":"publish","type":"page","link":"https:\/\/miriundmarco2024.ch\/?page_id=132","title":{"rendered":"Aktuelles"},"content":{"rendered":"\n<h2 class=\"wp-block-heading\">Dresscode<\/h2>\n\n\n\n<p>Wir m\u00f6chten sicherstellen, dass niemand ins Schwitzen ger\u00e4t, daher haben wir beschlossen, auf klassische Anz\u00fcge zu verzichten und stattdessen Sommerkleider und Hawaii-Hemden zu setzen. Auf diese Weise wird es f\u00fcr alle angenehmer sein.<\/p>\n\n\n\n<h2 class=\"wp-block-heading\"> <\/h2>\n\n\n\n<figure class=\"wp-block-image size-full is-resized\"><img loading=\"lazy\" decoding=\"async\" width=\"588\" height=\"333\" src=\"https:\/\/miriundmarco2024.ch\/wp-content\/uploads\/2024\/03\/image-1.png\" alt=\"\" class=\"wp-image-134\" style=\"width:358px;height:auto\" srcset=\"https:\/\/miriundmarco2024.ch\/wp-content\/uploads\/2024\/03\/image-1.png 588w, https:\/\/miriundmarco2024.ch\/wp-content\/uploads\/2024\/03\/image-1-300x170.png 300w\" sizes=\"auto, (max-width: 588px) 100vw, 588px\" \/><\/figure>\n","protected":false},"excerpt":{"rendered":"<p>Dresscode Wir m\u00f6chten sicherstellen, dass niemand ins Schwitzen ger\u00e4t, daher haben wir beschlossen, auf klassische Anz\u00fcge zu verzichten und stattdessen Sommerkleider und Hawaii-Hemden zu setzen. Auf diese Weise wird es f\u00fcr alle angenehmer sein.<\/p>\n","protected":false},"author":1,"featured_media":0,"parent":0,"menu_order":0,"comment_status":"closed","ping_status":"closed","template":"","meta":{"_regular_price":[],"currency_symbol":[],"footnotes":""},"class_list":["post-132","page","type-page","status-publish","hentry"],"post_slider_layout_featured_media_urls":{"thumbnail":"","post_slider_layout_landscape_large":"","post_slider_layout_portrait_large":"","post_slider_layout_square_large":"","post_slider_layout_landscape":"","post_slider_layout_portrait":"","post_slider_layout_square":"","full":""},"_links":{"self":[{"href":"https:\/\/miriundmarco2024.ch\/index.php?rest_route=\/wp\/v2\/pages\/132","targetHints":{"allow":["GET"]}}],"collection":[{"href":"https:\/\/miriundmarco2024.ch\/index.php?rest_route=\/wp\/v2\/pages"}],"about":[{"href":"https:\/\/miriundmarco2024.ch\/index.php?rest_route=\/wp\/v2\/types\/page"}],"author":[{"embeddable":true,"href":"https:\/\/miriundmarco2024.ch\/index.php?rest_route=\/wp\/v2\/users\/1"}],"replies":[{"embeddable":true,"href":"https:\/\/miriundmarco2024.ch\/index.php?rest_route=%2Fwp%2Fv2%2Fcomments&post=132"}],"version-history":[{"count":5,"href":"https:\/\/miriundmarco2024.ch\/index.php?rest_route=\/wp\/v2\/pages\/132\/revisions"}],"predecessor-version":[{"id":145,"href":"https:\/\/miriundmarco2024.ch\/index.php?rest_route=\/wp\/v2\/pages\/132\/revisions\/145"}],"wp:attachment":[{"href":"https:\/\/miriundmarco2024.ch\/index.php?rest_route=%2Fwp%2Fv2%2Fmedia&parent=132"}],"curies":[{"name":"wp","href":"https:\/\/api.w.org\/{rel}","templated":true}]}}